{"id":167,"date":"2025-04-18T21:56:31","date_gmt":"2025-04-18T21:56:31","guid":{"rendered":"https:\/\/shiawase.ch\/?page_id=167"},"modified":"2025-06-02T13:20:58","modified_gmt":"2025-06-02T13:20:58","slug":"167-2","status":"publish","type":"page","link":"https:\/\/rossglaette.ch\/?page_id=167","title":{"rendered":"Anreise"},"content":{"rendered":"<nav class=\"is-responsive items-justified-center wp-block-navigation is-content-justification-center is-layout-flex wp-container-core-navigation-is-layout-a89b3969 wp-block-navigation-is-layout-flex\" aria-label=\"Navigation\" \n\t\t data-wp-interactive=\"core\/navigation\" data-wp-context='{\"overlayOpenedBy\":{\"click\":false,\"hover\":false,\"focus\":false},\"type\":\"overlay\",\"roleAttribute\":\"\",\"ariaLabel\":\"Men\\u00fc\"}'><button aria-haspopup=\"dialog\" aria-label=\"Men\u00fc \u00f6ffnen\" class=\"wp-block-navigation__responsive-container-open\" \n\t\t\t\tdata-wp-on--click=\"actions.openMenuOnClick\"\n\t\t\t\tdata-wp-on--keydown=\"actions.handleMenuKeydown\"\n\t\t\t><svg width=\"24\" height=\"24\" xmlns=\"http:\/\/www.w3.org\/2000\/svg\" viewBox=\"0 0 24 24\" aria-hidden=\"true\" focusable=\"false\"><path d=\"M4 7.5h16v1.5H4z\"><\/path><path d=\"M4 15h16v1.5H4z\"><\/path><\/svg><\/button>\n\t\t\t\t<div class=\"wp-block-navigation__responsive-container\"  id=\"modal-1\" \n\t\t\t\tdata-wp-class--has-modal-open=\"state.isMenuOpen\"\n\t\t\t\tdata-wp-class--is-menu-open=\"state.isMenuOpen\"\n\t\t\t\tdata-wp-watch=\"callbacks.initMenu\"\n\t\t\t\tdata-wp-on--keydown=\"actions.handleMenuKeydown\"\n\t\t\t\tdata-wp-on--focusout=\"actions.handleMenuFocusout\"\n\t\t\t\ttabindex=\"-1\"\n\t\t\t>\n\t\t\t\t\t<div class=\"wp-block-navigation__responsive-close\" tabindex=\"-1\">\n\t\t\t\t\t\t<div class=\"wp-block-navigation__responsive-dialog\" \n\t\t\t\tdata-wp-bind--aria-modal=\"state.ariaModal\"\n\t\t\t\tdata-wp-bind--aria-label=\"state.ariaLabel\"\n\t\t\t\tdata-wp-bind--role=\"state.roleAttribute\"\n\t\t\t>\n\t\t\t\t\t\t\t<button aria-label=\"Men\u00fc schliessen\" class=\"wp-block-navigation__responsive-container-close\" \n\t\t\t\tdata-wp-on--click=\"actions.closeMenuOnClick\"\n\t\t\t><svg xmlns=\"http:\/\/www.w3.org\/2000\/svg\" viewBox=\"0 0 24 24\" width=\"24\" height=\"24\" aria-hidden=\"true\" focusable=\"false\"><path d=\"m13.06 12 6.47-6.47-1.06-1.06L12 10.94 5.53 4.47 4.47 5.53 10.94 12l-6.47 6.47 1.06 1.06L12 13.06l6.47 6.47 1.06-1.06L13.06 12Z\"><\/path><\/svg><\/button>\n\t\t\t\t\t\t\t<div class=\"wp-block-navigation__responsive-container-content\" \n\t\t\t\tdata-wp-watch=\"callbacks.focusFirstElement\"\n\t\t\t id=\"modal-1-content\">\n\t\t\t\t\t\t\t\t<ul class=\"wp-block-navigation__container is-responsive items-justified-center wp-block-navigation\"><li data-wp-context=\"{ &quot;submenuOpenedBy&quot;: { &quot;click&quot;: false, &quot;hover&quot;: false, &quot;focus&quot;: false }, &quot;type&quot;: &quot;submenu&quot;, &quot;modal&quot;: null, &quot;previousFocus&quot;: null }\" data-wp-interactive=\"core\/navigation\" data-wp-on--focusout=\"actions.handleMenuFocusout\" data-wp-on--keydown=\"actions.handleMenuKeydown\" data-wp-on--mouseenter=\"actions.openMenuOnHover\" data-wp-on--mouseleave=\"actions.closeMenuOnHover\" data-wp-watch=\"callbacks.initMenu\" tabindex=\"-1\" class=\"wp-block-navigation-item has-child open-on-hover-click wp-block-navigation-submenu\"><a class=\"wp-block-navigation-item__content\" href=\"https:\/\/shiawase.ch\/\"><span class=\"wp-block-navigation-item__label\">Men\u00fc<\/span><\/a><button data-wp-bind--aria-expanded=\"state.isMenuOpen\" data-wp-on--click=\"actions.toggleMenuOnClick\" aria-label=\"Untermen\u00fc von Men\u00fc\" class=\"wp-block-navigation__submenu-icon wp-block-navigation-submenu__toggle\" ><svg xmlns=\"http:\/\/www.w3.org\/2000\/svg\" width=\"12\" height=\"12\" viewBox=\"0 0 12 12\" fill=\"none\" aria-hidden=\"true\" focusable=\"false\"><path d=\"M1.50002 4L6.00002 8L10.5 4\" stroke-width=\"1.5\"><\/path><\/svg><\/button><ul data-wp-on--focus=\"actions.openMenuOnFocus\" class=\"wp-block-navigation__submenu-container wp-block-navigation-submenu\"><li class=\" wp-block-navigation-item wp-block-navigation-link\"><a class=\"wp-block-navigation-item__content\"  href=\"https:\/\/rossglaette.ch\/\"><span class=\"wp-block-navigation-item__label\">Startseite<\/span><\/a><\/li><li class=\" wp-block-navigation-item wp-block-navigation-link\"><a class=\"wp-block-navigation-item__content\"  href=\"https:\/\/rossglaette.ch\/?page_id=129\"><span class=\"wp-block-navigation-item__label\">Informationen<\/span><\/a><\/li><li class=\" wp-block-navigation-item wp-block-navigation-link\"><a class=\"wp-block-navigation-item__content\"  href=\"https:\/\/rossglaette.ch\/?page_id=4\"><span class=\"wp-block-navigation-item__label\">Reservation &amp; Belegungskalender<\/span><\/a><\/li><li class=\" wp-block-navigation-item wp-block-navigation-link\"><a class=\"wp-block-navigation-item__content\"  href=\"https:\/\/rossglaette.ch\/?page_id=167\"><span class=\"wp-block-navigation-item__label\">Anreise<\/span><\/a><\/li><li class=\" wp-block-navigation-item wp-block-navigation-link\"><a class=\"wp-block-navigation-item__content\"  href=\"https:\/\/rossglaette.ch\/?page_id=177\"><span class=\"wp-block-navigation-item__label\">Erlebnisse<\/span><\/a><\/li><li class=\" wp-block-navigation-item wp-block-navigation-link\"><a class=\"wp-block-navigation-item__content\"  href=\"https:\/\/rossglaette.ch\/?page_id=207\"><span class=\"wp-block-navigation-item__label\">\u00dcber uns<\/span><\/a><\/li><\/ul><\/li><\/ul>\n\t\t\t\t\t\t\t<\/div>\n\t\t\t\t\t\t<\/div>\n\t\t\t\t\t<\/div>\n\t\t\t\t<\/div><\/nav>\n\n\n<div class=\"wp-block-cover alignfull\" style=\"margin-top:0;min-height:329px;aspect-ratio:unset;\" id=\"cover-desk-light\"><img loading=\"lazy\" decoding=\"async\" width=\"1024\" height=\"576\" data-attachment-id=\"38\" data-permalink=\"https:\/\/rossglaette.ch\/?attachment_id=38\" data-orig-file=\"https:\/\/rossglaette.ch\/wp-content\/uploads\/2025\/04\/Bus.kies_.jpg\" data-orig-size=\"1600,900\" data-comments-opened=\"1\" data-image-meta=\"{&quot;aperture&quot;:&quot;0&quot;,&quot;credit&quot;:&quot;&quot;,&quot;camera&quot;:&quot;&quot;,&quot;caption&quot;:&quot;&quot;,&quot;created_timestamp&quot;:&quot;0&quot;,&quot;copyright&quot;:&quot;&quot;,&quot;focal_length&quot;:&quot;0&quot;,&quot;iso&quot;:&quot;0&quot;,&quot;shutter_speed&quot;:&quot;0&quot;,&quot;title&quot;:&quot;&quot;,&quot;orientation&quot;:&quot;0&quot;}\" data-image-title=\"Bus.kies\" data-image-description=\"\" data-image-caption=\"\" data-large-file=\"https:\/\/rossglaette.ch\/wp-content\/uploads\/2025\/04\/Bus.kies_-1024x576.jpg\" class=\"wp-block-cover__image-background wp-image-38 size-large\" alt=\"\" src=\"https:\/\/shiawase.ch\/wp-content\/uploads\/2025\/04\/Bus.kies_-1024x576.jpg\" style=\"object-position:53% 82%\" data-object-fit=\"cover\" data-object-position=\"53% 82%\" srcset=\"https:\/\/rossglaette.ch\/wp-content\/uploads\/2025\/04\/Bus.kies_-1024x576.jpg 1024w, https:\/\/rossglaette.ch\/wp-content\/uploads\/2025\/04\/Bus.kies_-300x169.jpg 300w, https:\/\/rossglaette.ch\/wp-content\/uploads\/2025\/04\/Bus.kies_-768x432.jpg 768w, https:\/\/rossglaette.ch\/wp-content\/uploads\/2025\/04\/Bus.kies_-1536x864.jpg 1536w, https:\/\/rossglaette.ch\/wp-content\/uploads\/2025\/04\/Bus.kies_-1100x619.jpg 1100w, https:\/\/rossglaette.ch\/wp-content\/uploads\/2025\/04\/Bus.kies_-760x428.jpg 760w, https:\/\/rossglaette.ch\/wp-content\/uploads\/2025\/04\/Bus.kies_.jpg 1600w\" sizes=\"auto, (max-width: 1024px) 100vw, 1024px\" \/><span aria-hidden=\"true\" class=\"wp-block-cover__background has-dark-background-color has-background-dim-60 has-background-dim\"><\/span><div class=\"wp-block-cover__inner-container is-layout-flow wp-block-cover-is-layout-flow\">\n<div class=\"wp-block-group is-layout-flow wp-block-group-is-layout-flow\">\n<h2 class=\"wp-block-heading has-text-align-center has-huge-font-size\" id=\"title\"><strong>Anreise<\/strong><\/h2>\n<\/div>\n<\/div><\/div>\n\n\n\n<div class=\"wp-block-group has-global-padding is-layout-constrained wp-block-group-is-layout-constrained\">\n<h2 class=\"wp-block-heading has-text-align-center\" id=\"about-us\">Wichtig<\/h2>\n\n\n\n<p>Entsprechenden Informationen bez\u00fcglich dem Zugang zur H\u00fctte erhalten Sie nach erfolgreicher Reservation\/Bezahlung.<\/p>\n<\/div>\n\n\n\n<div class=\"wp-block-group alignfull has-global-padding is-layout-constrained wp-block-group-is-layout-constrained\" id=\"features-3-columns\">\n<div class=\"wp-block-columns alignwide is-layout-flex wp-container-core-columns-is-layout-28f84493 wp-block-columns-is-layout-flex\">\n<div class=\"wp-block-column is-layout-flow wp-block-column-is-layout-flow\">\n<figure class=\"wp-block-image aligncenter size-thumbnail is-resized is-style-rounded is-style-default\"><img loading=\"lazy\" decoding=\"async\" width=\"150\" height=\"150\" data-attachment-id=\"61\" data-permalink=\"https:\/\/rossglaette.ch\/?attachment_id=61\" data-orig-file=\"https:\/\/rossglaette.ch\/wp-content\/uploads\/2025\/04\/Kies-Gondel.jpg\" data-orig-size=\"800,532\" data-comments-opened=\"1\" data-image-meta=\"{&quot;aperture&quot;:&quot;3.5&quot;,&quot;credit&quot;:&quot;&quot;,&quot;camera&quot;:&quot;NIKON D3S&quot;,&quot;caption&quot;:&quot;&quot;,&quot;created_timestamp&quot;:&quot;1499271605&quot;,&quot;copyright&quot;:&quot;KEYSTONE&quot;,&quot;focal_length&quot;:&quot;24&quot;,&quot;iso&quot;:&quot;250&quot;,&quot;shutter_speed&quot;:&quot;0.002&quot;,&quot;title&quot;:&quot;&quot;,&quot;orientation&quot;:&quot;1&quot;}\" data-image-title=\"Kies-Gondel\" data-image-description=\"\" data-image-caption=\"\" data-large-file=\"https:\/\/rossglaette.ch\/wp-content\/uploads\/2025\/04\/Kies-Gondel.jpg\" src=\"https:\/\/shiawase.ch\/wp-content\/uploads\/2025\/04\/Kies-Gondel-150x150.jpg\" alt=\"\" class=\"wp-image-61\" style=\"width:100px;height:100px\"\/><\/figure>\n\n\n\n<h3 class=\"wp-block-heading has-text-align-center\" id=\"column-2\">Anreise \u00fcber Kies-Mettmen<\/h3>\n\n\n\n<p class=\"has-text-align-center\">Es gibt zwei M\u00f6glichkeiten \u00fcber Kies-Mettmen die&nbsp;Rossgl\u00e4tte zu erreichen. Entweder folgt man bei der Talstation Kies dem Wanderweg zur Rossgl\u00e4tte und erreicht diese nach ca. 1h oder man f\u00e4hrt mit der Gondel hoch, \u00fcberquert den Garichti Stausee und folgt dem Wanderweg Richtung Rossgletti, was eher ein entspannter Spaziergang ist.<\/p>\n\n\n\n<p class=\"has-text-align-center\">Kies ist aufgrund des katastrophalen Hangrutsches in Schwanden aktuell nur mit dem \u00f6ffentlichen Verkehr erreichbar. Entsprechende Informationen findet ihr unter untenstehendem Link (Klickbox: Information Kies Mettmen).<\/p>\n<\/div>\n\n\n\n<div class=\"wp-block-column is-layout-flow wp-block-column-is-layout-flow\">\n<figure class=\"wp-block-image aligncenter size-thumbnail is-resized is-style-rounded is-style-default\"><img loading=\"lazy\" decoding=\"async\" width=\"150\" height=\"150\" data-attachment-id=\"71\" data-permalink=\"https:\/\/rossglaette.ch\/?attachment_id=71\" data-orig-file=\"https:\/\/rossglaette.ch\/wp-content\/uploads\/2025\/04\/Tannenberg.jpeg\" data-orig-size=\"500,375\" data-comments-opened=\"1\" data-image-meta=\"{&quot;aperture&quot;:&quot;0&quot;,&quot;credit&quot;:&quot;&quot;,&quot;camera&quot;:&quot;&quot;,&quot;caption&quot;:&quot;&quot;,&quot;created_timestamp&quot;:&quot;0&quot;,&quot;copyright&quot;:&quot;&quot;,&quot;focal_length&quot;:&quot;0&quot;,&quot;iso&quot;:&quot;0&quot;,&quot;shutter_speed&quot;:&quot;0&quot;,&quot;title&quot;:&quot;&quot;,&quot;orientation&quot;:&quot;0&quot;}\" data-image-title=\"Tannenberg\" data-image-description=\"\" data-image-caption=\"\" data-large-file=\"https:\/\/rossglaette.ch\/wp-content\/uploads\/2025\/04\/Tannenberg.jpeg\" src=\"https:\/\/shiawase.ch\/wp-content\/uploads\/2025\/04\/Tannenberg-150x150.jpeg\" alt=\"\" class=\"wp-image-71\" style=\"width:100px;height:100px\"\/><\/figure>\n\n\n\n<h3 class=\"wp-block-heading has-text-align-center\" id=\"column-3\">Anreise \u00fcber Tannenberg<\/h3>\n\n\n\n<p class=\"has-text-align-center\">Die Anreise \u00fcber den Tannenberg erfolgt von Nidfurn-Hasle aus. Mit dem Auto kann man entweder bis zu der Barriere hoch fahren und von dort ca. 1 1\/2h dem Weg \u00fcber die Auernalp folgen oder man erwirbt eine Fahrbewilligung bei der Gemeinde Glarus S\u00fcd. Dabei gilt es zu beachten, dass auch der Schl\u00fcssel f\u00fcr die Barriere angefragt werden muss.<\/p>\n\n\n\n<p class=\"has-text-align-center\">Unter folgender Telefonnummer ist die Gemeindeverwaltung erreichbar:<\/p>\n\n\n\n<p class=\"has-text-align-center\">058 611 91 11<\/p>\n<\/div>\n<\/div>\n<\/div>\n\n\n\n<div class=\"wp-block-group has-global-padding is-layout-constrained wp-block-group-is-layout-constrained\">\n<div class=\"wp-block-buttons is-content-justification-center is-layout-flex wp-container-core-buttons-is-layout-a89b3969 wp-block-buttons-is-layout-flex\">\n<div class=\"wp-block-button is-style-button-outline-alt is-style-button-outline-alt--2\"><a class=\"wp-block-button__link has-text-align-center wp-element-button\" href=\"https:\/\/elm.ch\/de\/elm-ferienregion\/ausflugsorte\/mettmen-alp\/luftseilbahn-kies-mettmen.html\">Informationen Kies Mettmen<\/a><\/div>\n<\/div>\n<\/div>\n\n\n\n<div class=\"wp-block-group alignfull has-tertiary-alt-background-color has-background is-layout-flow wp-block-group-is-layout-flow\" id=\"team-4-people\" style=\"min-height:430px\">\n<h2 class=\"wp-block-heading has-text-align-center\" id=\"team-3-heading\">Karte<\/h2>\n\n\n\n<p class=\"has-text-align-center\">Koordinaten:&nbsp;46.956028, 9.081047<\/p>\n\n\n\n<figure class=\"wp-block-image size-large\"><img loading=\"lazy\" decoding=\"async\" width=\"1024\" height=\"444\" data-attachment-id=\"67\" data-permalink=\"https:\/\/rossglaette.ch\/?attachment_id=67\" data-orig-file=\"https:\/\/rossglaette.ch\/wp-content\/uploads\/2025\/04\/Rossglaette.jpg\" data-orig-size=\"1427,619\" data-comments-opened=\"1\" data-image-meta=\"{&quot;aperture&quot;:&quot;0&quot;,&quot;credit&quot;:&quot;&quot;,&quot;camera&quot;:&quot;&quot;,&quot;caption&quot;:&quot;&quot;,&quot;created_timestamp&quot;:&quot;0&quot;,&quot;copyright&quot;:&quot;&quot;,&quot;focal_length&quot;:&quot;0&quot;,&quot;iso&quot;:&quot;0&quot;,&quot;shutter_speed&quot;:&quot;0&quot;,&quot;title&quot;:&quot;&quot;,&quot;orientation&quot;:&quot;1&quot;}\" data-image-title=\"Rossglaette\" data-image-description=\"\" data-image-caption=\"\" data-large-file=\"https:\/\/rossglaette.ch\/wp-content\/uploads\/2025\/04\/Rossglaette-1024x444.jpg\" src=\"https:\/\/shiawase.ch\/wp-content\/uploads\/2025\/04\/Rossglaette-1024x444.jpg\" alt=\"\" class=\"wp-image-67\" srcset=\"https:\/\/rossglaette.ch\/wp-content\/uploads\/2025\/04\/Rossglaette-1024x444.jpg 1024w, https:\/\/rossglaette.ch\/wp-content\/uploads\/2025\/04\/Rossglaette-300x130.jpg 300w, https:\/\/rossglaette.ch\/wp-content\/uploads\/2025\/04\/Rossglaette-768x333.jpg 768w, https:\/\/rossglaette.ch\/wp-content\/uploads\/2025\/04\/Rossglaette.jpg 1427w\" sizes=\"auto, (max-width: 1024px) 100vw, 1024px\" \/><\/figure>\n<\/div>\n\n\n\n<div class=\"wp-block-group alignfull has-global-padding is-layout-constrained wp-block-group-is-layout-constrained\" id=\"call-to-action\">\n<div class=\"wp-block-buttons is-content-justification-center is-layout-flex wp-container-core-buttons-is-layout-a89b3969 wp-block-buttons-is-layout-flex\">\n<div class=\"wp-block-button is-style-outline is-style-outline--3\"><a class=\"wp-block-button__link wp-element-button\" href=\"https:\/\/rossglaette.ch\/\">Zur\u00fcck<\/a><\/div>\n<\/div>\n<\/div>\n","protected":false},"excerpt":{"rendered":"<p>Wichtig Entsprechenden Informationen bez\u00fcglich dem Zugang zur H\u00fctte erhalten Sie nach erfolgreicher Reservation\/Bezahlung. Anreise \u00fcber Kies-Mettmen Es gibt zwei M\u00f6glichkeiten \u00fcber Kies-Mettmen die&nbsp;Rossgl\u00e4tte zu erreichen. Entweder folgt man bei der Talstation Kies dem Wanderweg zur Rossgl\u00e4tte und erreicht diese nach ca. 1h oder man f\u00e4hrt mit der Gondel hoch, \u00fcberquert den Garichti Stausee und folgt [&hellip;]<\/p>\n","protected":false},"author":1,"featured_media":0,"parent":73,"menu_order":0,"comment_status":"closed","ping_status":"closed","template":"","meta":{"footnotes":""},"class_list":["post-167","page","type-page","status-publish","hentry"],"jetpack_sharing_enabled":true,"_links":{"self":[{"href":"https:\/\/rossglaette.ch\/index.php?rest_route=\/wp\/v2\/pages\/167","targetHints":{"allow":["GET"]}}],"collection":[{"href":"https:\/\/rossglaette.ch\/index.php?rest_route=\/wp\/v2\/pages"}],"about":[{"href":"https:\/\/rossglaette.ch\/index.php?rest_route=\/wp\/v2\/types\/page"}],"author":[{"embeddable":true,"href":"https:\/\/rossglaette.ch\/index.php?rest_route=\/wp\/v2\/users\/1"}],"replies":[{"embeddable":true,"href":"https:\/\/rossglaette.ch\/index.php?rest_route=%2Fwp%2Fv2%2Fcomments&post=167"}],"version-history":[{"count":7,"href":"https:\/\/rossglaette.ch\/index.php?rest_route=\/wp\/v2\/pages\/167\/revisions"}],"predecessor-version":[{"id":238,"href":"https:\/\/rossglaette.ch\/index.php?rest_route=\/wp\/v2\/pages\/167\/revisions\/238"}],"up":[{"embeddable":true,"href":"https:\/\/rossglaette.ch\/index.php?rest_route=\/wp\/v2\/pages\/73"}],"wp:attachment":[{"href":"https:\/\/rossglaette.ch\/index.php?rest_route=%2Fwp%2Fv2%2Fmedia&parent=167"}],"curies":[{"name":"wp","href":"https:\/\/api.w.org\/{rel}","templated":true}]}}