{"id":207,"date":"2025-04-19T18:48:28","date_gmt":"2025-04-19T18:48:28","guid":{"rendered":"https:\/\/shiawase.ch\/?page_id=207"},"modified":"2025-04-28T19:09:12","modified_gmt":"2025-04-28T19:09:12","slug":"207-2","status":"publish","type":"page","link":"https:\/\/rossglaette.ch\/?page_id=207","title":{"rendered":"\u00dcber uns"},"content":{"rendered":"<nav class=\"is-responsive items-justified-center wp-block-navigation is-content-justification-center is-layout-flex wp-container-core-navigation-is-layout-a89b3969 wp-block-navigation-is-layout-flex\" aria-label=\"Navigation\" \n\t\t data-wp-interactive=\"core\/navigation\" data-wp-context='{\"overlayOpenedBy\":{\"click\":false,\"hover\":false,\"focus\":false},\"type\":\"overlay\",\"roleAttribute\":\"\",\"ariaLabel\":\"Men\\u00fc\"}'><button aria-haspopup=\"dialog\" aria-label=\"Men\u00fc \u00f6ffnen\" class=\"wp-block-navigation__responsive-container-open\" \n\t\t\t\tdata-wp-on--click=\"actions.openMenuOnClick\"\n\t\t\t\tdata-wp-on--keydown=\"actions.handleMenuKeydown\"\n\t\t\t><svg width=\"24\" height=\"24\" xmlns=\"http:\/\/www.w3.org\/2000\/svg\" viewBox=\"0 0 24 24\" aria-hidden=\"true\" focusable=\"false\"><path d=\"M4 7.5h16v1.5H4z\"><\/path><path d=\"M4 15h16v1.5H4z\"><\/path><\/svg><\/button>\n\t\t\t\t<div class=\"wp-block-navigation__responsive-container\"  id=\"modal-1\" \n\t\t\t\tdata-wp-class--has-modal-open=\"state.isMenuOpen\"\n\t\t\t\tdata-wp-class--is-menu-open=\"state.isMenuOpen\"\n\t\t\t\tdata-wp-watch=\"callbacks.initMenu\"\n\t\t\t\tdata-wp-on--keydown=\"actions.handleMenuKeydown\"\n\t\t\t\tdata-wp-on--focusout=\"actions.handleMenuFocusout\"\n\t\t\t\ttabindex=\"-1\"\n\t\t\t>\n\t\t\t\t\t<div class=\"wp-block-navigation__responsive-close\" tabindex=\"-1\">\n\t\t\t\t\t\t<div class=\"wp-block-navigation__responsive-dialog\" \n\t\t\t\tdata-wp-bind--aria-modal=\"state.ariaModal\"\n\t\t\t\tdata-wp-bind--aria-label=\"state.ariaLabel\"\n\t\t\t\tdata-wp-bind--role=\"state.roleAttribute\"\n\t\t\t>\n\t\t\t\t\t\t\t<button aria-label=\"Men\u00fc schliessen\" class=\"wp-block-navigation__responsive-container-close\" \n\t\t\t\tdata-wp-on--click=\"actions.closeMenuOnClick\"\n\t\t\t><svg xmlns=\"http:\/\/www.w3.org\/2000\/svg\" viewBox=\"0 0 24 24\" width=\"24\" height=\"24\" aria-hidden=\"true\" focusable=\"false\"><path d=\"m13.06 12 6.47-6.47-1.06-1.06L12 10.94 5.53 4.47 4.47 5.53 10.94 12l-6.47 6.47 1.06 1.06L12 13.06l6.47 6.47 1.06-1.06L13.06 12Z\"><\/path><\/svg><\/button>\n\t\t\t\t\t\t\t<div class=\"wp-block-navigation__responsive-container-content\" \n\t\t\t\tdata-wp-watch=\"callbacks.focusFirstElement\"\n\t\t\t id=\"modal-1-content\">\n\t\t\t\t\t\t\t\t<ul class=\"wp-block-navigation__container is-responsive items-justified-center wp-block-navigation\"><li data-wp-context=\"{ &quot;submenuOpenedBy&quot;: { &quot;click&quot;: false, &quot;hover&quot;: false, &quot;focus&quot;: false }, &quot;type&quot;: &quot;submenu&quot;, &quot;modal&quot;: null, &quot;previousFocus&quot;: null }\" data-wp-interactive=\"core\/navigation\" data-wp-on--focusout=\"actions.handleMenuFocusout\" data-wp-on--keydown=\"actions.handleMenuKeydown\" data-wp-on--mouseenter=\"actions.openMenuOnHover\" data-wp-on--mouseleave=\"actions.closeMenuOnHover\" data-wp-watch=\"callbacks.initMenu\" tabindex=\"-1\" class=\"wp-block-navigation-item has-child open-on-hover-click wp-block-navigation-submenu\"><a class=\"wp-block-navigation-item__content\" href=\"https:\/\/shiawase.ch\/\"><span class=\"wp-block-navigation-item__label\">Men\u00fc<\/span><\/a><button data-wp-bind--aria-expanded=\"state.isMenuOpen\" data-wp-on--click=\"actions.toggleMenuOnClick\" aria-label=\"Untermen\u00fc von Men\u00fc\" class=\"wp-block-navigation__submenu-icon wp-block-navigation-submenu__toggle\" ><svg xmlns=\"http:\/\/www.w3.org\/2000\/svg\" width=\"12\" height=\"12\" viewBox=\"0 0 12 12\" fill=\"none\" aria-hidden=\"true\" focusable=\"false\"><path d=\"M1.50002 4L6.00002 8L10.5 4\" stroke-width=\"1.5\"><\/path><\/svg><\/button><ul data-wp-on--focus=\"actions.openMenuOnFocus\" class=\"wp-block-navigation__submenu-container wp-block-navigation-submenu\"><li class=\" wp-block-navigation-item wp-block-navigation-link\"><a class=\"wp-block-navigation-item__content\"  href=\"https:\/\/rossglaette.ch\/\"><span class=\"wp-block-navigation-item__label\">Startseite<\/span><\/a><\/li><li class=\" wp-block-navigation-item wp-block-navigation-link\"><a class=\"wp-block-navigation-item__content\"  href=\"https:\/\/rossglaette.ch\/?page_id=129\"><span class=\"wp-block-navigation-item__label\">Informationen<\/span><\/a><\/li><li class=\" wp-block-navigation-item wp-block-navigation-link\"><a class=\"wp-block-navigation-item__content\"  href=\"https:\/\/rossglaette.ch\/?page_id=4\"><span class=\"wp-block-navigation-item__label\">Reservation &amp; Belegungskalender<\/span><\/a><\/li><li class=\" wp-block-navigation-item wp-block-navigation-link\"><a class=\"wp-block-navigation-item__content\"  href=\"https:\/\/rossglaette.ch\/?page_id=167\"><span class=\"wp-block-navigation-item__label\">Anreise<\/span><\/a><\/li><li class=\" wp-block-navigation-item wp-block-navigation-link\"><a class=\"wp-block-navigation-item__content\"  href=\"https:\/\/rossglaette.ch\/?page_id=177\"><span class=\"wp-block-navigation-item__label\">Erlebnisse<\/span><\/a><\/li><li class=\" wp-block-navigation-item wp-block-navigation-link\"><a class=\"wp-block-navigation-item__content\"  href=\"https:\/\/rossglaette.ch\/?page_id=207\"><span class=\"wp-block-navigation-item__label\">\u00dcber uns<\/span><\/a><\/li><\/ul><\/li><\/ul>\n\t\t\t\t\t\t\t<\/div>\n\t\t\t\t\t\t<\/div>\n\t\t\t\t\t<\/div>\n\t\t\t\t<\/div><\/nav>\n\n\n<div class=\"wp-block-cover alignfull\" style=\"margin-top:0;min-height:364px;aspect-ratio:unset;\" id=\"cover-desk-light\"><img loading=\"lazy\" decoding=\"async\" width=\"2560\" height=\"1920\" data-attachment-id=\"59\" data-permalink=\"https:\/\/rossglaette.ch\/?attachment_id=59\" data-orig-file=\"https:\/\/rossglaette.ch\/wp-content\/uploads\/2025\/04\/IMG_5555-scaled.jpeg\" data-orig-size=\"2560,1920\" data-comments-opened=\"1\" data-image-meta=\"{&quot;aperture&quot;:&quot;1.5&quot;,&quot;credit&quot;:&quot;&quot;,&quot;camera&quot;:&quot;iPhone 14&quot;,&quot;caption&quot;:&quot;&quot;,&quot;created_timestamp&quot;:&quot;1715272154&quot;,&quot;copyright&quot;:&quot;&quot;,&quot;focal_length&quot;:&quot;5.7&quot;,&quot;iso&quot;:&quot;50&quot;,&quot;shutter_speed&quot;:&quot;0.0005350454788657&quot;,&quot;title&quot;:&quot;&quot;,&quot;orientation&quot;:&quot;1&quot;}\" data-image-title=\"IMG_5555\" data-image-description=\"\" data-image-caption=\"\" data-large-file=\"https:\/\/rossglaette.ch\/wp-content\/uploads\/2025\/04\/IMG_5555-1024x768.jpeg\" class=\"wp-block-cover__image-background wp-image-59 size-full\" alt=\"\" src=\"https:\/\/shiawase.ch\/wp-content\/uploads\/2025\/04\/IMG_5555-scaled.jpeg\" data-object-fit=\"cover\" srcset=\"https:\/\/rossglaette.ch\/wp-content\/uploads\/2025\/04\/IMG_5555-scaled.jpeg 2560w, https:\/\/rossglaette.ch\/wp-content\/uploads\/2025\/04\/IMG_5555-300x225.jpeg 300w, https:\/\/rossglaette.ch\/wp-content\/uploads\/2025\/04\/IMG_5555-1024x768.jpeg 1024w, https:\/\/rossglaette.ch\/wp-content\/uploads\/2025\/04\/IMG_5555-768x576.jpeg 768w, https:\/\/rossglaette.ch\/wp-content\/uploads\/2025\/04\/IMG_5555-1536x1152.jpeg 1536w, https:\/\/rossglaette.ch\/wp-content\/uploads\/2025\/04\/IMG_5555-2048x1536.jpeg 2048w\" sizes=\"auto, (max-width: 2560px) 100vw, 2560px\" \/><span aria-hidden=\"true\" class=\"wp-block-cover__background has-background-dim-60 has-background-dim\"><\/span><div class=\"wp-block-cover__inner-container is-layout-flow wp-block-cover-is-layout-flow\">\n<div class=\"wp-block-group is-layout-flow wp-block-group-is-layout-flow\">\n<h2 class=\"wp-block-heading has-text-align-center has-huge-font-size\" id=\"title\"><strong>\u00dcber uns<\/strong><\/h2>\n<\/div>\n<\/div><\/div>\n\n\n\n<div class=\"wp-block-group has-global-padding is-layout-constrained wp-block-group-is-layout-constrained\">\n<p class=\"has-text-align-center\">Die Rossgl\u00e4tte Vereinigung besteht&nbsp;aktuell aus&nbsp;dreien&nbsp;Familien, der Familie Stoll, der Familie St\u00f6ri und Familie W\u00fcst. Die die H\u00fctte gemeinsam pflegen, verwalten und schwergewichtig nutzen. Die H\u00fcttenkomission, die f\u00fcr den Rossgl\u00e4tte Fond, die Vertretung gegen\u00fcber Beh\u00f6rden und Interessenten sowie den&nbsp;Unterhalt der Rossgl\u00e4tte verantwortlich ist besteht aus Mitgliedern aller drei Familien.<\/p>\n\n\n\n<p class=\"has-text-align-center\">Famillie Stoll:<\/p>\n\n\n\n<p class=\"has-text-align-center\">Andreas Stoll, Mary Stoll<\/p>\n\n\n\n<p class=\"has-text-align-center\">Famillie St\u00f6ri:<\/p>\n\n\n\n<p class=\"has-text-align-center\">Denise Krukenberg &#8211; St\u00f6ri<\/p>\n\n\n\n<p class=\"has-text-align-center\">Familie W\u00fcst:<\/p>\n\n\n\n<p class=\"has-text-align-center\">Dominik W\u00fcst<\/p>\n<\/div>\n\n\n\n<div class=\"wp-block-columns is-layout-flex wp-container-core-columns-is-layout-28f84493 wp-block-columns-is-layout-flex\">\n<div class=\"wp-block-column is-layout-flow wp-block-column-is-layout-flow\"><\/div>\n\n\n\n<div class=\"wp-block-column is-layout-flow wp-block-column-is-layout-flow\">\n<figure class=\"wp-block-image size-full is-style-rounded\"><img loading=\"lazy\" decoding=\"async\" width=\"1920\" height=\"2560\" data-attachment-id=\"58\" data-permalink=\"https:\/\/rossglaette.ch\/?attachment_id=58\" data-orig-file=\"https:\/\/rossglaette.ch\/wp-content\/uploads\/2025\/04\/IMG_5549-scaled.jpeg\" data-orig-size=\"1920,2560\" data-comments-opened=\"1\" data-image-meta=\"{&quot;aperture&quot;:&quot;1.5&quot;,&quot;credit&quot;:&quot;&quot;,&quot;camera&quot;:&quot;iPhone 14&quot;,&quot;caption&quot;:&quot;&quot;,&quot;created_timestamp&quot;:&quot;1715267418&quot;,&quot;copyright&quot;:&quot;&quot;,&quot;focal_length&quot;:&quot;5.7&quot;,&quot;iso&quot;:&quot;50&quot;,&quot;shutter_speed&quot;:&quot;0.0007627765064836&quot;,&quot;title&quot;:&quot;&quot;,&quot;orientation&quot;:&quot;1&quot;}\" data-image-title=\"IMG_5549\" data-image-description=\"\" data-image-caption=\"\" data-large-file=\"https:\/\/rossglaette.ch\/wp-content\/uploads\/2025\/04\/IMG_5549-768x1024.jpeg\" src=\"https:\/\/rossglaette.ch\/wp-content\/uploads\/2025\/04\/IMG_5549-scaled.jpeg\" alt=\"\" class=\"wp-image-58\" srcset=\"https:\/\/rossglaette.ch\/wp-content\/uploads\/2025\/04\/IMG_5549-scaled.jpeg 1920w, https:\/\/rossglaette.ch\/wp-content\/uploads\/2025\/04\/IMG_5549-225x300.jpeg 225w, https:\/\/rossglaette.ch\/wp-content\/uploads\/2025\/04\/IMG_5549-768x1024.jpeg 768w, https:\/\/rossglaette.ch\/wp-content\/uploads\/2025\/04\/IMG_5549-1152x1536.jpeg 1152w, https:\/\/rossglaette.ch\/wp-content\/uploads\/2025\/04\/IMG_5549-1536x2048.jpeg 1536w\" sizes=\"auto, (max-width: 1920px) 100vw, 1920px\" \/><\/figure>\n<\/div>\n\n\n\n<div class=\"wp-block-column is-layout-flow wp-block-column-is-layout-flow\"><\/div>\n<\/div>\n\n\n\n<div class=\"wp-block-buttons is-content-justification-center is-layout-flex wp-container-core-buttons-is-layout-a89b3969 wp-block-buttons-is-layout-flex\">\n<div class=\"wp-block-button is-style-outline is-style-outline--2\"><a class=\"wp-block-button__link wp-element-button\" href=\"https:\/\/rossglaette.ch\/\">Zur\u00fcck<\/a><\/div>\n<\/div>\n","protected":false},"excerpt":{"rendered":"<p>Die Rossgl\u00e4tte Vereinigung besteht&nbsp;aktuell aus&nbsp;dreien&nbsp;Familien, der Familie Stoll, der Familie St\u00f6ri und Familie W\u00fcst. Die die H\u00fctte gemeinsam pflegen, verwalten und schwergewichtig nutzen. Die H\u00fcttenkomission, die f\u00fcr den Rossgl\u00e4tte Fond, die Vertretung gegen\u00fcber Beh\u00f6rden und Interessenten sowie den&nbsp;Unterhalt der Rossgl\u00e4tte verantwortlich ist besteht aus Mitgliedern aller drei Familien. Famillie Stoll: Andreas Stoll, Mary Stoll Famillie [&hellip;]<\/p>\n","protected":false},"author":1,"featured_media":0,"parent":73,"menu_order":0,"comment_status":"closed","ping_status":"closed","template":"","meta":{"footnotes":""},"class_list":["post-207","page","type-page","status-publish","hentry"],"jetpack_sharing_enabled":true,"_links":{"self":[{"href":"https:\/\/rossglaette.ch\/index.php?rest_route=\/wp\/v2\/pages\/207","targetHints":{"allow":["GET"]}}],"collection":[{"href":"https:\/\/rossglaette.ch\/index.php?rest_route=\/wp\/v2\/pages"}],"about":[{"href":"https:\/\/rossglaette.ch\/index.php?rest_route=\/wp\/v2\/types\/page"}],"author":[{"embeddable":true,"href":"https:\/\/rossglaette.ch\/index.php?rest_route=\/wp\/v2\/users\/1"}],"replies":[{"embeddable":true,"href":"https:\/\/rossglaette.ch\/index.php?rest_route=%2Fwp%2Fv2%2Fcomments&post=207"}],"version-history":[{"count":4,"href":"https:\/\/rossglaette.ch\/index.php?rest_route=\/wp\/v2\/pages\/207\/revisions"}],"predecessor-version":[{"id":229,"href":"https:\/\/rossglaette.ch\/index.php?rest_route=\/wp\/v2\/pages\/207\/revisions\/229"}],"up":[{"embeddable":true,"href":"https:\/\/rossglaette.ch\/index.php?rest_route=\/wp\/v2\/pages\/73"}],"wp:attachment":[{"href":"https:\/\/rossglaette.ch\/index.php?rest_route=%2Fwp%2Fv2%2Fmedia&parent=207"}],"curies":[{"name":"wp","href":"https:\/\/api.w.org\/{rel}","templated":true}]}}